{"id":761,"date":"2026-01-21T19:54:40","date_gmt":"2026-01-21T19:54:40","guid":{"rendered":"https:\/\/ainonelamanvireys.fi\/?page_id=761"},"modified":"2026-04-23T16:29:37","modified_gmt":"2026-04-23T16:29:37","slug":"yhteistiedot-2","status":"publish","type":"page","link":"https:\/\/ainonelamanvireys.fi\/?page_id=761","title":{"rendered":"Yhteystiedot"},"content":{"rendered":"\n<figure class=\"wp-block-gallery has-nested-images columns-default is-cropped wp-block-gallery-1 is-layout-flex wp-block-gallery-is-layout-flex\">\n<figure class=\"wp-block-image size-full\"><img loading=\"lazy\" decoding=\"async\" width=\"1489\" height=\"2105\" data-id=\"1669\" src=\"https:\/\/ainonelamanvireys.fi\/wp-content\/uploads\/2026\/04\/Pada_mainos-1.png\" alt=\"\" class=\"wp-image-1669\" srcset=\"https:\/\/ainonelamanvireys.fi\/wp-content\/uploads\/2026\/04\/Pada_mainos-1.png 1489w, https:\/\/ainonelamanvireys.fi\/wp-content\/uploads\/2026\/04\/Pada_mainos-1-212x300.png 212w, https:\/\/ainonelamanvireys.fi\/wp-content\/uploads\/2026\/04\/Pada_mainos-1-724x1024.png 724w, https:\/\/ainonelamanvireys.fi\/wp-content\/uploads\/2026\/04\/Pada_mainos-1-768x1086.png 768w, https:\/\/ainonelamanvireys.fi\/wp-content\/uploads\/2026\/04\/Pada_mainos-1-1087x1536.png 1087w\" sizes=\"auto, (max-width: 1489px) 100vw, 1489px\" \/><\/figure>\n<\/figure>\n\n\n\n<p class=\"has-medium-font-size\" id=\"osoite\">Ekohoitola Ainon El\u00e4m\u00e4nvireys<br>044 3570278<br>Pohjolankatu 3 As 24<br>70500 Kuopio<\/p>\n\n\n\n<p class=\"has-medium-font-size\">EKOHOITOLA KUOPION MATKAKESKUKSEN L\u00c4HEISYYDESS\u00c4<\/p>\n\n\n\n<p class=\"has-medium-font-size\"><strong>Matkakeskuksesta noin 10 min. k\u00e4velymatka.<\/strong><\/p>\n\n\n\n<p class=\"has-medium-font-size\"><strong>Bussilinjat<\/strong>: 4 ja 8 (pys\u00e4kit 30 &#8211; 90 metri\u00e4).<\/p>\n\n\n\n<p class=\"has-medium-font-size\">Avoinna ajanvarauksella ti &#8211; pe 11 &#8211; 17 tai sopimuksen mukaan. Onko sinulla kysytt\u00e4v\u00e4\u00e4 palveluistamme? T\u00e4yt\u00e4 alla oleva lomake, niin palaamme asiaan mahdollisimman pian.<\/p>\n\n\n\n<p class=\"has-medium-font-size\">Huom! Ajanvarausta ei voi tehd\u00e4 alapuolella olevalla yhteistietolomakkeella. <\/p>\n\n\n\n<p class=\"has-medium-font-size\">Ajanvaraus soittamalla: 044 357 0278<\/p>\n\n\n\n<div class=\"wp-block-contact-form-7-contact-form-selector\">\n<div class=\"wpcf7 no-js\" id=\"wpcf7-f35-o1\" lang=\"fi\" dir=\"ltr\" data-wpcf7-id=\"35\">\n<div class=\"screen-reader-response\"><p role=\"status\" aria-live=\"polite\" aria-atomic=\"true\"><\/p> <ul><\/ul><\/div>\n<form action=\"\/index.php?rest_route=%2Fwp%2Fv2%2Fpages%2F761#wpcf7-f35-o1\" method=\"post\" class=\"wpcf7-form init\" aria-label=\"Yhteydenottolomake\" novalidate=\"novalidate\" data-status=\"init\">\n<fieldset class=\"hidden-fields-container\"><input type=\"hidden\" name=\"_wpcf7\" value=\"35\" \/><input type=\"hidden\" name=\"_wpcf7_version\" value=\"6.1.5\" \/><input type=\"hidden\" name=\"_wpcf7_locale\" value=\"fi\" \/><input type=\"hidden\" name=\"_wpcf7_unit_tag\" value=\"wpcf7-f35-o1\" \/><input type=\"hidden\" name=\"_wpcf7_container_post\" value=\"0\" \/><input type=\"hidden\" name=\"_wpcf7_posted_data_hash\" value=\"\" \/>\n<\/fieldset>\n<p><label> Nimesi<br \/>\n<span class=\"wpcf7-form-control-wrap\" data-name=\"your-name\"><input size=\"40\" maxlength=\"400\" class=\"wpcf7-form-control wpcf7-text wpcf7-validates-as-required\" autocomplete=\"name\" aria-required=\"true\" aria-invalid=\"false\" value=\"\" type=\"text\" name=\"your-name\" \/><\/span> <\/label>\n<\/p>\n<p><label> S\u00e4hk\u00f6postiosoitteesi<br \/>\n<span class=\"wpcf7-form-control-wrap\" data-name=\"your-email\"><input size=\"40\" maxlength=\"400\" class=\"wpcf7-form-control wpcf7-email wpcf7-validates-as-required wpcf7-text wpcf7-validates-as-email\" autocomplete=\"email\" aria-required=\"true\" aria-invalid=\"false\" value=\"\" type=\"email\" name=\"your-email\" \/><\/span> <\/label>\n<\/p>\n<p><label> Aihe<br \/>\n<span class=\"wpcf7-form-control-wrap\" data-name=\"your-subject\"><input size=\"40\" maxlength=\"400\" class=\"wpcf7-form-control wpcf7-text wpcf7-validates-as-required\" aria-required=\"true\" aria-invalid=\"false\" value=\"\" type=\"text\" name=\"your-subject\" \/><\/span> <\/label>\n<\/p>\n<p><label> Viestisi<br \/>\n<span class=\"wpcf7-form-control-wrap\" data-name=\"your-message\"><textarea cols=\"40\" rows=\"10\" maxlength=\"2000\" class=\"wpcf7-form-control wpcf7-textarea\" aria-invalid=\"false\" name=\"your-message\"><\/textarea><\/span> <\/label>\n<\/p>\n<p><input class=\"wpcf7-form-control wpcf7-submit has-spinner\" type=\"submit\" value=\"L\u00e4het\u00e4\" \/>\n<\/p><div class=\"wpcf7-response-output\" aria-hidden=\"true\"><\/div>\n<\/form>\n<\/div>\n<\/div>\n\n\n\n<p class=\"has-medium-font-size\"><strong>Tervetuloa Ekohoitola Ainon El\u00e4m\u00e4nvireyteen \u2013 Hyv\u00e4n olon kotihoitolaasi<\/strong><\/p>\n\n\n\n<p><\/p>\n\n\n<div style=\"\n  position: relative;\n  width: 100%;\n  max-width: 900px;\n  padding-bottom: 56.25%; \/* 16:9 kuvasuhde *\/\n  height: 0;\n  margin: 0 auto;\n\"><br \/>\n  <iframe\n    src=\"https:\/\/www.google.com\/maps\/embed?pb=!1m18!1m12!1m3!1d1552.6413618891777!2d27.697994367254704!3d62.89981494253469!2m3!1f0!2f0!3f0!3m2!1i1024!2i768!4f13.1!3m3!1m2!1s0x4684b0601e9ee1bf%3A0x1b8fdc056be47f54!2sEkohoitola%20Ainon%20El%C3%A4m%C3%A4nvireys!5e0!3m2!1sfi!2sfi!4v1771161826129!5m2!1sfi!2sfi\"\n    style=\"\n      position: absolute;\n      top: 0;\n      left: 0;\n      width: 100%;\n      height: 100%;\n      border: 0;\n    \"\n    allowfullscreen\n    loading=\"lazy\"\n    referrerpolicy=\"no-referrer-when-downgrade\"><br \/>\n  <\/iframe>\n<\/div>\n\n\n<ul class=\"wp-block-list\">\n<li><\/li>\n<\/ul>\n\n\n\n<div style=\"height:100px\" aria-hidden=\"true\" class=\"wp-block-spacer\"><\/div>\n","protected":false},"excerpt":{"rendered":"<p>Ekohoitola Ainon El\u00e4m\u00e4nvireys044 3570278Pohjolankatu 3 As 2470500 Kuopio EKOHOITOLA KUOPION MATKAKESKUKSEN L\u00c4HEISYYDESS\u00c4 Matkakeskuksesta noin 10 min. k\u00e4velymatka. Bussilinjat: 4 ja 8 (pys\u00e4kit 30 &#8211; 90 metri\u00e4). Avoinna ajanvarauksella ti &#8211; pe 11 &#8211; 17 tai sopimuksen mukaan. Onko sinulla kysytt\u00e4v\u00e4\u00e4 palveluistamme? T\u00e4yt\u00e4 alla oleva lomake, niin palaamme asiaan mahdollisimman pian. Huom! Ajanvarausta ei voi tehd\u00e4 [&hellip;]<\/p>\n","protected":false},"author":1,"featured_media":1208,"parent":0,"menu_order":0,"comment_status":"closed","ping_status":"closed","template":"","meta":{"footnotes":""},"class_list":["post-761","page","type-page","status-publish","has-post-thumbnail","hentry"],"_links":{"self":[{"href":"https:\/\/ainonelamanvireys.fi\/index.php?rest_route=\/wp\/v2\/pages\/761","targetHints":{"allow":["GET"]}}],"collection":[{"href":"https:\/\/ainonelamanvireys.fi\/index.php?rest_route=\/wp\/v2\/pages"}],"about":[{"href":"https:\/\/ainonelamanvireys.fi\/index.php?rest_route=\/wp\/v2\/types\/page"}],"author":[{"embeddable":true,"href":"https:\/\/ainonelamanvireys.fi\/index.php?rest_route=\/wp\/v2\/users\/1"}],"replies":[{"embeddable":true,"href":"https:\/\/ainonelamanvireys.fi\/index.php?rest_route=%2Fwp%2Fv2%2Fcomments&post=761"}],"version-history":[{"count":23,"href":"https:\/\/ainonelamanvireys.fi\/index.php?rest_route=\/wp\/v2\/pages\/761\/revisions"}],"predecessor-version":[{"id":1685,"href":"https:\/\/ainonelamanvireys.fi\/index.php?rest_route=\/wp\/v2\/pages\/761\/revisions\/1685"}],"wp:featuredmedia":[{"embeddable":true,"href":"https:\/\/ainonelamanvireys.fi\/index.php?rest_route=\/wp\/v2\/media\/1208"}],"wp:attachment":[{"href":"https:\/\/ainonelamanvireys.fi\/index.php?rest_route=%2Fwp%2Fv2%2Fmedia&parent=761"}],"curies":[{"name":"wp","href":"https:\/\/api.w.org\/{rel}","templated":true}]}}