{"id":760,"date":"2026-01-21T19:54:40","date_gmt":"2026-01-21T19:54:40","guid":{"rendered":"https:\/\/ainonelamanvireys.fi\/?page_id=760"},"modified":"2026-04-23T18:26:19","modified_gmt":"2026-04-23T18:26:19","slug":"lahjakortit-2","status":"publish","type":"page","link":"https:\/\/ainonelamanvireys.fi\/?page_id=760","title":{"rendered":"LAaahjakortitA"},"content":{"rendered":"\n<p class=\"has-x-large-font-size\"><strong>Ihanaa \u00e4itienp\u00e4iv\u00e4\u00e4! \u2764\ufe0f<\/strong><\/p>\n\n\n\n<p class=\"has-large-font-size\">Hemmottele \u00e4iti\u00e4 t\u00e4n\u00e4 vuonna Ekohoitola Ainon El\u00e4m\u00e4nvireyden ayurvedisilla hoidoilla. Tarjoa \u00e4idille hetki luonnonmukaista hyv\u00e4\u00e4 oloa ja aitoa rentoutumista Kuopion syd\u00e4mess\u00e4. \ud83c\udf3f\u2728<\/p>\n\n\n\n<p class=\"has-large-font-size\">\ud83c\udf81&nbsp;<strong>Hanki lahjakortti helposti:<\/strong>&nbsp;<a target=\"_blank\" rel=\"noreferrer noopener\" href=\"https:\/\/www.ainonelamanvireys.fi\/\">www.ainonelamanvireys.fi<\/a><br>\ud83d\udcde&nbsp;<strong>Kysy lis\u00e4\u00e4:<\/strong>&nbsp;044 357 0278<\/p>\n\n\n\n<p class=\"has-x-large-font-size\"><strong>Anna lahjaksi!<\/strong><\/p>\n\n\n\n<p class=\"has-large-font-size\">Anna lahjaksi kiireet\u00f6nt\u00e4, kauneutta luonnosta- ja kokonaisvaltaista hyvinvointia &#8211; Ekohoitola Ainon El\u00e4m\u00e4nvireydest\u00e4.<\/p>\n\n\n\n<figure class=\"wp-block-image alignright size-full is-resized\"><img loading=\"lazy\" decoding=\"async\" width=\"441\" height=\"338\" src=\"https:\/\/ainonelamanvireys.fi\/wp-content\/uploads\/2026\/04\/vinolk-1-2.png\" alt=\"\" class=\"wp-image-1601\" style=\"width:453px;height:auto\" srcset=\"https:\/\/ainonelamanvireys.fi\/wp-content\/uploads\/2026\/04\/vinolk-1-2.png 441w, https:\/\/ainonelamanvireys.fi\/wp-content\/uploads\/2026\/04\/vinolk-1-2-300x230.png 300w\" sizes=\"auto, (max-width: 441px) 100vw, 441px\" \/><\/figure>\n\n\n\n<p class=\"has-large-font-size\"><strong>N\u00e4in tilaat lahjakortin Ekohoitola Ainon El\u00e4m\u00e4nvireyteen:<\/strong><\/p>\n\n\n\n<blockquote class=\"wp-block-quote is-layout-flow wp-block-quote-is-layout-flow\">\n<p class=\"has-large-font-size\"><strong>Tilaa s\u00e4hk\u00f6inen, hygieeninen lahjakortti<\/strong>!<\/p>\n\n\n\n<p class=\"has-large-font-size\"><strong>Tilaus- ja maksuehdot:<\/strong><\/p>\n<\/blockquote>\n\n\n\n<ol class=\"wp-block-list\">\n<li class=\"has-large-font-size\">T\u00e4yt\u00e4 ja l\u00e4het\u00e4 alla oleva tilauslomake.<\/li>\n\n\n\n<li class=\"has-large-font-size\">L\u00e4het\u00e4mme tilitiedot maksua varten s\u00e4hk\u00f6postiisi.<\/li>\n\n\n\n<li class=\"has-large-font-size\">Toimitamme valmiin PDF-lahjakortin heti, kun suoritus n\u00e4kyy tilill\u00e4mme.<\/li>\n<\/ol>\n\n\n\n<p class=\"has-large-font-size\"><em>Lahjakortti on voimassa [4] kuukautta ostop\u00e4iv\u00e4st\u00e4.<\/em><\/p>\n\n\n\n<p class=\"has-large-font-size\">Lahjakorttia ei voi lunastaa rahana.<\/p>\n\n\n\n<p class=\"has-large-font-size\">Valitse lahjakortti haluamallesi summalle.<\/p>\n\n\n\n<p class=\"has-medium-font-size\">O 100 \u20ac<br>O&nbsp;120 \u20ac<br>O 150 \u20ac<\/p>\n\n\n\n<p class=\"has-large-font-size\">Anna lahjaksi! El\u00e4m\u00e4nvireyden El\u00e4mys 10.5. Valitse hoito- ja tai valmis-summa, esimerkiksi tuoteostot.<\/p>\n\n\n\n<div class=\"wp-block-contact-form-7-contact-form-selector\">\n<div class=\"wpcf7 no-js\" id=\"wpcf7-f335-o1\" lang=\"fi\" dir=\"ltr\" data-wpcf7-id=\"335\">\n<div class=\"screen-reader-response\"><p role=\"status\" aria-live=\"polite\" aria-atomic=\"true\"><\/p> <ul><\/ul><\/div>\n<form action=\"\/index.php?rest_route=%2Fwp%2Fv2%2Fpages%2F760#wpcf7-f335-o1\" method=\"post\" class=\"wpcf7-form init\" aria-label=\"Yhteydenottolomake\" novalidate=\"novalidate\" data-status=\"init\">\n<fieldset class=\"hidden-fields-container\"><input type=\"hidden\" name=\"_wpcf7\" value=\"335\" \/><input type=\"hidden\" name=\"_wpcf7_version\" value=\"6.1.5\" \/><input type=\"hidden\" name=\"_wpcf7_locale\" value=\"fi\" \/><input type=\"hidden\" name=\"_wpcf7_unit_tag\" value=\"wpcf7-f335-o1\" \/><input type=\"hidden\" name=\"_wpcf7_container_post\" value=\"0\" \/><input type=\"hidden\" name=\"_wpcf7_posted_data_hash\" value=\"\" \/>\n<\/fieldset>\n<p><label> Tilaajan nimi:<br \/>\n<span class=\"wpcf7-form-control-wrap\" data-name=\"your-name\"><input size=\"40\" maxlength=\"400\" class=\"wpcf7-form-control wpcf7-text wpcf7-validates-as-required\" autocomplete=\"name\" aria-required=\"true\" aria-invalid=\"false\" value=\"\" type=\"text\" name=\"your-name\" \/><\/span> <\/label>\n<\/p>\n<p><label> Tilaajan puhelinnumero:<br \/>\n<span class=\"wpcf7-form-control-wrap\" data-name=\"tel-163\"><input size=\"40\" maxlength=\"400\" class=\"wpcf7-form-control wpcf7-tel wpcf7-validates-as-required wpcf7-text wpcf7-validates-as-tel\" aria-required=\"true\" aria-invalid=\"false\" value=\"\" type=\"tel\" name=\"tel-163\" \/><\/span> <\/label>\n<\/p>\n<p><label> Tilaajan s\u00e4hk\u00f6postiosoite:<br \/>\n<span class=\"wpcf7-form-control-wrap\" data-name=\"your-email\"><input size=\"40\" maxlength=\"400\" class=\"wpcf7-form-control wpcf7-email wpcf7-validates-as-required wpcf7-text wpcf7-validates-as-email\" autocomplete=\"email\" aria-required=\"true\" aria-invalid=\"false\" value=\"\" type=\"email\" name=\"your-email\" \/><\/span> <\/label>\n<\/p>\n<p><label> Tilaajan osoite ja postinumero:<br \/>\n<span class=\"wpcf7-form-control-wrap\" data-name=\"your-subject\"><input size=\"40\" maxlength=\"400\" class=\"wpcf7-form-control wpcf7-text wpcf7-validates-as-required\" aria-required=\"true\" aria-invalid=\"false\" value=\"\" type=\"text\" name=\"your-subject\" \/><\/span> <\/label>\n<\/p>\n<p><label> Saajan etu- ja sukunimi jos eri kuin tilaajalla:<br \/>\n<span class=\"wpcf7-form-control-wrap\" data-name=\"Saaja\"><input size=\"40\" maxlength=\"400\" class=\"wpcf7-form-control wpcf7-text\" aria-invalid=\"false\" value=\"\" type=\"text\" name=\"Saaja\" \/><\/span> <\/label>\n<\/p>\n<p><label> Lahjakortin arvo:<br \/>\n<span class=\"wpcf7-form-control-wrap\" data-name=\"checkbox-121\"><span class=\"wpcf7-form-control wpcf7-checkbox wpcf7-validates-as-required\"><span class=\"wpcf7-list-item first\"><label><input type=\"checkbox\" name=\"checkbox-121[]\" value=\"100\u20ac\" \/><span class=\"wpcf7-list-item-label\">100\u20ac<\/span><\/label><\/span><span class=\"wpcf7-list-item\"><label><input type=\"checkbox\" name=\"checkbox-121[]\" value=\"120\u20ac\" \/><span class=\"wpcf7-list-item-label\">120\u20ac<\/span><\/label><\/span><span class=\"wpcf7-list-item last\"><label><input type=\"checkbox\" name=\"checkbox-121[]\" value=\"150\u20ac\" \/><span class=\"wpcf7-list-item-label\">150\u20ac<\/span><\/label><\/span><\/span><\/span> <\/label>\n<\/p>\n<p><input class=\"wpcf7-form-control wpcf7-submit has-spinner\" type=\"submit\" value=\"L\u00e4het\u00e4\" \/>\n<\/p><div class=\"wpcf7-response-output\" aria-hidden=\"true\"><\/div>\n<\/form>\n<\/div>\n<\/div>\n\n\n\n<div class=\"wp-block-buttons is-content-justification-center is-layout-flex wp-container-core-buttons-is-layout-a89b3969 wp-block-buttons-is-layout-flex\">\n<div class=\"wp-block-button\"><a class=\"wp-block-button__link has-quaternary-color has-text-color has-link-color wp-element-button\" href=\"https:\/\/ainonelamanvireys.fi\/?page_id=588\" style=\"border-top-left-radius:100px;border-top-right-radius:100px;border-bottom-left-radius:100px;border-bottom-right-radius:100px\">Palvelut ja hinnasto<\/a><\/div>\n<\/div>\n\n\n\n<div style=\"height:100px\" aria-hidden=\"true\" class=\"wp-block-spacer\"><\/div>\n","protected":false},"excerpt":{"rendered":"<p>Ihanaa \u00e4itienp\u00e4iv\u00e4\u00e4! \u2764\ufe0f Hemmottele \u00e4iti\u00e4 t\u00e4n\u00e4 vuonna Ekohoitola Ainon El\u00e4m\u00e4nvireyden ayurvedisilla hoidoilla. Tarjoa \u00e4idille hetki luonnonmukaista hyv\u00e4\u00e4 oloa ja aitoa rentoutumista Kuopion syd\u00e4mess\u00e4. \ud83c\udf3f\u2728 \ud83c\udf81&nbsp;Hanki lahjakortti helposti:&nbsp;www.ainonelamanvireys.fi\ud83d\udcde&nbsp;Kysy lis\u00e4\u00e4:&nbsp;044 357 0278 Anna lahjaksi! Anna lahjaksi kiireet\u00f6nt\u00e4, kauneutta luonnosta- ja kokonaisvaltaista hyvinvointia &#8211; Ekohoitola Ainon El\u00e4m\u00e4nvireydest\u00e4. N\u00e4in tilaat lahjakortin Ekohoitola Ainon El\u00e4m\u00e4nvireyteen: Tilaa s\u00e4hk\u00f6inen, hygieeninen lahjakortti! Tilaus- [&hellip;]<\/p>\n","protected":false},"author":1,"featured_media":0,"parent":0,"menu_order":0,"comment_status":"closed","ping_status":"closed","template":"","meta":{"footnotes":""},"class_list":["post-760","page","type-page","status-publish","hentry"],"_links":{"self":[{"href":"https:\/\/ainonelamanvireys.fi\/index.php?rest_route=\/wp\/v2\/pages\/760","targetHints":{"allow":["GET"]}}],"collection":[{"href":"https:\/\/ainonelamanvireys.fi\/index.php?rest_route=\/wp\/v2\/pages"}],"about":[{"href":"https:\/\/ainonelamanvireys.fi\/index.php?rest_route=\/wp\/v2\/types\/page"}],"author":[{"embeddable":true,"href":"https:\/\/ainonelamanvireys.fi\/index.php?rest_route=\/wp\/v2\/users\/1"}],"replies":[{"embeddable":true,"href":"https:\/\/ainonelamanvireys.fi\/index.php?rest_route=%2Fwp%2Fv2%2Fcomments&post=760"}],"version-history":[{"count":26,"href":"https:\/\/ainonelamanvireys.fi\/index.php?rest_route=\/wp\/v2\/pages\/760\/revisions"}],"predecessor-version":[{"id":1687,"href":"https:\/\/ainonelamanvireys.fi\/index.php?rest_route=\/wp\/v2\/pages\/760\/revisions\/1687"}],"wp:attachment":[{"href":"https:\/\/ainonelamanvireys.fi\/index.php?rest_route=%2Fwp%2Fv2%2Fmedia&parent=760"}],"curies":[{"name":"wp","href":"https:\/\/api.w.org\/{rel}","templated":true}]}}