{"id":545,"date":"2025-12-26T05:37:54","date_gmt":"2025-12-26T05:37:54","guid":{"rendered":"https:\/\/ainonelamanvireys.fi\/?page_id=545"},"modified":"2026-04-23T16:01:29","modified_gmt":"2026-04-23T16:01:29","slug":"kauneutta-luonnosta-2","status":"publish","type":"page","link":"https:\/\/ainonelamanvireys.fi\/?page_id=545","title":{"rendered":"Ainon El\u00e4m\u00e4nvireys"},"content":{"rendered":"\n<p class=\"has-large-font-size\"><strong>Kauneutta luonnosta<\/strong><\/p>\n\n\n\n<p class=\"has-medium-font-size\">Ainon El\u00e4m\u00e4nvireys \u2013 Kauneudenhoitoa sopusoinnussa luonnon kanssa<\/p>\n\n\n\n<p class=\"has-medium-font-size\">Meille luonto ei ole vain raaka-aineita, vaan suuri opettaja. Kun pys\u00e4hdymme ja otamme kontaktia luontoon, opimme olemaan l\u00e4sn\u00e4 \u2013 ja l\u00e4sn\u00e4olon kautta opimme vihdoin kuulemaan, mit\u00e4 kehomme ja mielemme tarvitsevat. Tuloksena on kokonaisvaltainen tasapaino, joka heijastuu iholta ja tuntuu el\u00e4m\u00e4nvireyten\u00e4.<\/p>\n\n\n\n<p class=\"has-medium-font-size\">Emme tee t\u00e4t\u00e4 yksin. Yhdess\u00e4 asiakkaidemme ja kumppaneidemme kanssa luomme yhteis\u00f6n, jota yhdist\u00e4\u00e4 rakkaus luontoon ja aito halu voida paremmin. Missiomme on parantaa el\u00e4m\u00e4nlaatuasi ja vaalia samalla luonnon monimuotoisuutta, josta kaikki hyv\u00e4 on per\u00e4isin.<\/p>\n\n\n\n<p class=\"has-medium-font-size\"><strong>&#8211; Luonnon laboratorio \u2013 puhdasta tehoa ihollesi<br><\/strong>Hy\u00f6dynn\u00e4mme hoidoissamme tarkoin valittua&nbsp;<strong>luonnonkosmetiikkaa<\/strong>, joka on t\u00e4ynn\u00e4 kasvikunnan vitamiineja ja elinvoimaa. Jokainen tuote on valittu tukemaan ihosi luonnollista uusiutumista ilman turhia kemikaaleja. Tuloksena on terve ja kuulas iho, joka hengitt\u00e4\u00e4.<\/p>\n\n\n\n<p class=\"has-medium-font-size\"><strong>&#8211; Kokonaisvaltaista luonnonl\u00e4heist\u00e4 kauneudenhoitoa<br><\/strong>Kauneus on heijastus sis\u00e4lt\u00e4p\u00e4in. Siksi hoidoissamme huomioidaan aina iho, keho ja mieli yhten\u00e4 kokonaisuutena. K\u00e4yt\u00e4mme tekniikoita, jotka laskevat stressitasoa ja rentouttavat hermostoa, jolloin hoidon vaikutus on syvempi ja pitk\u00e4kestoisempi.<\/p>\n\n\n\n<p class=\"has-medium-font-size\"><strong>&#8211; L\u00e4sn\u00e4olon voima<br><\/strong>Meille hoito ei ole vain suoritus, vaan aito kohtaaminen. Saat jakamattoman huomioni ja rauhallisen ymp\u00e4rist\u00f6n, jossa voit vain olla. L\u00e4sn\u00e4olo auttaa sinua palautumaan arjen kuormituksesta ja l\u00f6yt\u00e4m\u00e4\u00e4n yhteyden omaan itseesi.<\/p>\n\n\n\n<p class=\"has-medium-font-size\"><strong>Tervetuloa l\u00f6yt\u00e4m\u00e4\u00e4n oma el\u00e4m\u00e4nvireytesi aivan Kuopion Matkakeskuksen l\u00e4heisyyteen.<\/strong><\/p>\n\n\n\n<p><\/p>\n\n\n\n<div style=\"height:100px\" aria-hidden=\"true\" class=\"wp-block-spacer\"><\/div>\n\n\n\n<p class=\"has-quaternary-color has-text-color has-link-color wp-elements-f88838cb046e61bee3a29008e54fa053\"><\/p>\n\n\n\n<p class=\"has-quaternary-color has-text-color has-link-color wp-elements-f88838cb046e61bee3a29008e54fa053\"><\/p>\n\n\n\n<p class=\"has-quaternary-color has-text-color has-link-color wp-elements-f88838cb046e61bee3a29008e54fa053\"><\/p>\n\n\n\n<p class=\"has-quaternary-color has-text-color has-link-color wp-elements-f88838cb046e61bee3a29008e54fa053\"><\/p>\n\n\n\n<p class=\"has-quaternary-color has-text-color has-link-color wp-elements-f88838cb046e61bee3a29008e54fa053\"><\/p>\n\n\n\n<p><br><\/p>\n","protected":false},"excerpt":{"rendered":"<p>Kauneutta luonnosta Ainon El\u00e4m\u00e4nvireys \u2013 Kauneudenhoitoa sopusoinnussa luonnon kanssa Meille luonto ei ole vain raaka-aineita, vaan suuri opettaja. Kun pys\u00e4hdymme ja otamme kontaktia luontoon, opimme olemaan l\u00e4sn\u00e4 \u2013 ja l\u00e4sn\u00e4olon kautta opimme vihdoin kuulemaan, mit\u00e4 kehomme ja mielemme tarvitsevat. Tuloksena on kokonaisvaltainen tasapaino, joka heijastuu iholta ja tuntuu el\u00e4m\u00e4nvireyten\u00e4. Emme tee t\u00e4t\u00e4 yksin. Yhdess\u00e4 asiakkaidemme [&hellip;]<\/p>\n","protected":false},"author":1,"featured_media":0,"parent":0,"menu_order":0,"comment_status":"closed","ping_status":"closed","template":"","meta":{"footnotes":""},"class_list":["post-545","page","type-page","status-publish","hentry"],"_links":{"self":[{"href":"https:\/\/ainonelamanvireys.fi\/index.php?rest_route=\/wp\/v2\/pages\/545","targetHints":{"allow":["GET"]}}],"collection":[{"href":"https:\/\/ainonelamanvireys.fi\/index.php?rest_route=\/wp\/v2\/pages"}],"about":[{"href":"https:\/\/ainonelamanvireys.fi\/index.php?rest_route=\/wp\/v2\/types\/page"}],"author":[{"embeddable":true,"href":"https:\/\/ainonelamanvireys.fi\/index.php?rest_route=\/wp\/v2\/users\/1"}],"replies":[{"embeddable":true,"href":"https:\/\/ainonelamanvireys.fi\/index.php?rest_route=%2Fwp%2Fv2%2Fcomments&post=545"}],"version-history":[{"count":70,"href":"https:\/\/ainonelamanvireys.fi\/index.php?rest_route=\/wp\/v2\/pages\/545\/revisions"}],"predecessor-version":[{"id":1680,"href":"https:\/\/ainonelamanvireys.fi\/index.php?rest_route=\/wp\/v2\/pages\/545\/revisions\/1680"}],"wp:attachment":[{"href":"https:\/\/ainonelamanvireys.fi\/index.php?rest_route=%2Fwp%2Fv2%2Fmedia&parent=545"}],"curies":[{"name":"wp","href":"https:\/\/api.w.org\/{rel}","templated":true}]}}